{"id":203,"date":"2011-09-14T09:45:02","date_gmt":"2011-09-14T09:45:02","guid":{"rendered":"http:\/\/192.168.9.29\/Development\/TB\/?page_id=203"},"modified":"2018-07-08T10:55:30","modified_gmt":"2018-07-08T09:55:30","slug":"home","status":"publish","type":"page","link":"https:\/\/www.tikaraii.fr\/de\/","title":{"rendered":"Accueil"},"content":{"rendered":"<h2><\/h2>\n<div class=\"row \">\n<div class=\"span12 \"><div class=\"hr\"><\/div><!-- .hr (end) -->\n<script type=\"text\/javascript\">\n\t\t\t\t\t\tjQuery(window).load(function() {\n\t\t\t\t\t\t\tjQuery(\"#flexslider_tfnuwivbnl\").flexslider({\n\t\t\t\t\t\t\t\tanimation: \"fade\",\n\t\t\t\t\t\t\t\tsmoothHeight : true,\n\t\t\t\t\t\t\t\tdirectionNav: true,\n\t\t\t\t\t\t\t\tcontrolNav: false,\n\t\t\t\t\t\t\t\trtl: false\n\t\t\t\t\t\t\t});\n\t\t\t\t\t\t});<\/script><div id=\"flexslider_tfnuwivbnl\" class=\"flexslider no-bg cycle no-button\"><ul class=\"slides\"><li class=\"list-item-0\"><h5><a href=\"https:\/\/www.tikaraii.fr\/de\/des-recettes-traditionnelles\/\" title=\"Des recettes traditionnelles !\">Des recettes traditionnelles !<\/a><\/h5><div class=\"post_options\"><\/div><p class=\"excerpt\">Cela signifie que les recettes sur ce blog sont issue d'un savoir faire ancestral transmis de g\u00e9n\u00e9ration en g\u00e9n\u00e9ration.<\/p><a href=\"https:\/\/www.tikaraii.fr\/de\/des-recettes-traditionnelles\/\" class=\"btn btn-primary\" title=\"Des recettes traditionnelles !\">Mehr lesen<\/a><\/li><li class=\"list-item-1\"><h5><a href=\"https:\/\/www.tikaraii.fr\/de\/bienvenue-sur-le-blog-de-cuisine-de-ti-karaii\/\" title=\"Bienvenue sur le blog de cuisine de Ti&#8217; Karaii !\">Bienvenue sur le blog de cuisine de Ti&#8217; Karaii !<\/a><\/h5><div class=\"post_options\"><\/div><p class=\"excerpt\">Apprenez les secrets de la cuisine mauriciennes. Confectionnez d\u00e9sormais des menu traditionnelles.<\/p><a href=\"https:\/\/www.tikaraii.fr\/de\/bienvenue-sur-le-blog-de-cuisine-de-ti-karaii\/\" class=\"btn btn-primary\" title=\"Bienvenue sur le blog de cuisine de Ti&#8217; Karaii !\">Mehr lesen<\/a><\/li><\/ul><\/div><\/div>\n<\/div><!-- .row (end) -->\n<div class=\"row \">\n<div class=\"span4 \"><div class=\"banner-wrap \"><figure class=\"featured-thumbnail\"><a href=\"cat\/boeuf\/\" title=\"Recettes au Boeuf\"><img src=\"https:\/\/www.tikaraii.fr\/wp-content\/uploads\/2015\/10\/nargis-kebaab-vignette-accueil.jpg\" title=\"Recettes au Boeuf\" alt=\"\" \/><\/a><\/figure><div class=\"desc\"><h5>Recettes au Boeuf<\/h5><div class=\"link-align banner-btn\"><a href=\"cat\/boeuf\/\" title=\"more\" class=\"btn btn-primary btn-large\" target=\"_self\">more<\/a><\/div><\/div><\/div><!-- .banner-wrap (end) --><\/div>\n<div class=\"span4 \"><div class=\"banner-wrap \"><figure class=\"featured-thumbnail\"><a href=\"cat\/poulet\/\" title=\"recettes au poulet\"><img src=\"https:\/\/www.tikaraii.fr\/wp-content\/uploads\/2015\/10\/biryani-vignette-page-accueil.jpg\" title=\"recettes au poulet\" alt=\"\" \/><\/a><\/figure><div class=\"desc\"><h5>recettes au poulet<\/h5><div class=\"link-align banner-btn\"><a href=\"cat\/poulet\/\" title=\"more\" class=\"btn btn-primary btn-large\" target=\"_self\">more<\/a><\/div><\/div><\/div><!-- .banner-wrap (end) --><\/div>\n<div class=\"span4 \"><div class=\"banner-wrap \"><figure class=\"featured-thumbnail\"><a href=\"cat\/poisson\/\" title=\"recettes au poisson\"><img src=\"https:\/\/www.tikaraii.fr\/wp-content\/uploads\/2015\/07\/cat_poisson.jpg\" title=\"recettes au poisson\" alt=\"\" \/><\/a><\/figure><div class=\"desc\"><h5>recettes au poisson<\/h5><div class=\"link-align banner-btn\"><a href=\"cat\/poisson\/\" title=\"more\" class=\"btn btn-primary btn-large\" target=\"_self\">more<\/a><\/div><\/div><\/div><!-- .banner-wrap (end) --><\/div>\n<\/div><!-- .row (end) -->\n<p>&nbsp;<\/p>\n<div class=\"row \">\n<div class=\"span4 \"><div class=\"banner-wrap \"><figure class=\"featured-thumbnail\"><a href=\"cat\/vegetariens\/\" title=\"recettes v\u00e9g\u00e9tariennes\"><img src=\"https:\/\/www.tikaraii.fr\/wp-content\/uploads\/2015\/06\/ti-purri_7carry.jpg\" title=\"recettes v\u00e9g\u00e9tariennes\" alt=\"\" \/><\/a><\/figure><div class=\"desc\"><h5>recettes v\u00e9g\u00e9tariennes<\/h5><div class=\"link-align banner-btn\"><a href=\"cat\/vegetariens\/\" title=\"more\" class=\"btn btn-primary btn-large\" target=\"_self\">more<\/a><\/div><\/div><\/div><!-- .banner-wrap (end) --><\/div>\n<div class=\"span4 \"><div class=\"banner-wrap \"><figure class=\"featured-thumbnail\"><a href=\"cat\/gateaux-sales\/\" title=\"gateaux sal\u00e9s\"><img src=\"https:\/\/www.tikaraii.fr\/wp-content\/uploads\/2015\/10\/naan_kheema-accueil.jpg\" title=\"gateaux sal\u00e9s\" alt=\"\" \/><\/a><\/figure><div class=\"desc\"><h5>gateaux sal\u00e9s<\/h5><div class=\"link-align banner-btn\"><a href=\"cat\/gateaux-sales\/\" title=\"more\" class=\"btn btn-primary btn-large\" target=\"_self\">more<\/a><\/div><\/div><\/div><!-- .banner-wrap (end) --><\/div>\n<div class=\"span4 \"><div class=\"banner-wrap \"><figure class=\"featured-thumbnail\"><a href=\"cat\/desserts\/\/\" title=\"D\u00e9sserts\"><img src=\"https:\/\/www.tikaraii.fr\/wp-content\/uploads\/2015\/07\/cat_dessert.jpg\" title=\"D\u00e9sserts\" alt=\"\" \/><\/a><\/figure><div class=\"desc\"><h5>D\u00e9sserts<\/h5><div class=\"link-align banner-btn\"><a href=\"cat\/desserts\/\/\" title=\"more\" class=\"btn btn-primary btn-large\" target=\"_self\">more<\/a><\/div><\/div><\/div><!-- .banner-wrap (end) --><\/div>\n<\/div><!-- .row (end) -->\n<p>&nbsp;<\/p>\n","protected":false},"excerpt":{"rendered":"&nbsp; &nbsp;","protected":false},"author":1,"featured_media":0,"parent":0,"menu_order":0,"comment_status":"open","ping_status":"closed","template":"page-home.php","meta":{"_mi_skip_tracking":false},"translation":{"provider":"WPGlobus","version":"3.0.0","language":"de","enabled_languages":["fr","en","de"],"languages":{"fr":{"title":true,"content":true,"excerpt":false},"en":{"title":false,"content":false,"excerpt":false},"de":{"title":false,"content":false,"excerpt":false}}},"yoast_head":"<!-- This site is optimized with the Yoast SEO plugin v18.5.1 - https:\/\/yoast.com\/wordpress\/plugins\/seo\/ -->\n<title>Accueil - Ti Karaii<\/title>\n<meta name=\"robots\" content=\"index, follow, max-snippet:-1, max-image-preview:large, max-video-preview:-1\" \/>\n<link rel=\"canonical\" href=\"http:\/\/www.tikaraii.fr\/\" \/>\n<meta property=\"og:locale\" content=\"de_DE\" \/>\n<meta property=\"og:type\" content=\"article\" \/>\n<meta property=\"og:title\" content=\"Accueil - Ti Karaii\" \/>\n<meta property=\"og:url\" content=\"http:\/\/www.tikaraii.fr\/\" \/>\n<meta property=\"og:site_name\" content=\"Ti Karaii\" \/>\n<meta property=\"article:modified_time\" content=\"2018-07-08T09:55:30+00:00\" \/>\n<meta name=\"twitter:card\" content=\"summary\" \/>\n<meta name=\"twitter:label1\" content=\"Gesch\u00e4tzte Lesezeit\" \/>\n\t<meta name=\"twitter:data1\" content=\"1\u00a0Minute\" \/>\n<script type=\"application\/ld+json\" class=\"yoast-schema-graph\">{\"@context\":\"https:\/\/schema.org\",\"@graph\":[{\"@type\":\"Organization\",\"@id\":\"http:\/\/www.tikaraii.fr\/#organization\",\"name\":\"Ti' Karaii\",\"url\":\"http:\/\/www.tikaraii.fr\/\",\"sameAs\":[],\"logo\":{\"@type\":\"ImageObject\",\"@id\":\"http:\/\/www.tikaraii.fr\/#logo\",\"inLanguage\":\"de\",\"url\":\"https:\/\/www.tikaraii.fr\/wp-content\/uploads\/2015\/06\/logo_ti_karaii1.png\",\"contentUrl\":\"https:\/\/www.tikaraii.fr\/wp-content\/uploads\/2015\/06\/logo_ti_karaii1.png\",\"width\":265,\"height\":88,\"caption\":\"Ti' Karaii\"},\"image\":{\"@id\":\"http:\/\/www.tikaraii.fr\/#logo\"}},{\"@type\":\"WebSite\",\"@id\":\"http:\/\/www.tikaraii.fr\/#website\",\"url\":\"http:\/\/www.tikaraii.fr\/\",\"name\":\"Ti Karaii\",\"description\":\"La bonne recette mauricienne\",\"publisher\":{\"@id\":\"http:\/\/www.tikaraii.fr\/#organization\"},\"potentialAction\":[{\"@type\":\"SearchAction\",\"target\":{\"@type\":\"EntryPoint\",\"urlTemplate\":\"http:\/\/www.tikaraii.fr\/?s={search_term_string}\"},\"query-input\":\"required name=search_term_string\"}],\"inLanguage\":\"de\"},{\"@type\":\"WebPage\",\"@id\":\"http:\/\/www.tikaraii.fr\/#webpage\",\"url\":\"http:\/\/www.tikaraii.fr\/\",\"name\":\"Accueil - Ti Karaii\",\"isPartOf\":{\"@id\":\"http:\/\/www.tikaraii.fr\/#website\"},\"datePublished\":\"2011-09-14T09:45:02+00:00\",\"dateModified\":\"2018-07-08T09:55:30+00:00\",\"description\":\"Avec Ti' Karaii trouvez la bonne recette mauricienne. Ici pas de recettes approximatives, nous d\u00e9voilons tous les secrets de cette cuisine haute en couleur.\",\"breadcrumb\":{\"@id\":\"http:\/\/www.tikaraii.fr\/#breadcrumb\"},\"inLanguage\":\"de\",\"potentialAction\":[{\"@type\":\"ReadAction\",\"target\":[\"http:\/\/www.tikaraii.fr\/\"]}]},{\"@type\":\"BreadcrumbList\",\"@id\":\"http:\/\/www.tikaraii.fr\/#breadcrumb\",\"itemListElement\":[{\"@type\":\"ListItem\",\"position\":1,\"name\":\"Accueil\",\"item\":\"http:\/\/www.tikaraii.fr\/\"},{\"@type\":\"ListItem\",\"position\":2,\"name\":\"Accueil\"}]}]}<\/script>\n<!-- \/ Yoast SEO plugin. -->","yoast_head_json":{"title":"Accueil - Ti Karaii","robots":{"index":"index","follow":"follow","max-snippet":"max-snippet:-1","max-image-preview":"max-image-preview:large","max-video-preview":"max-video-preview:-1"},"canonical":"http:\/\/www.tikaraii.fr\/","og_locale":"de_DE","og_type":"article","og_title":"Accueil - Ti Karaii","og_url":"http:\/\/www.tikaraii.fr\/","og_site_name":"Ti Karaii","article_modified_time":"2018-07-08T09:55:30+00:00","twitter_card":"summary","twitter_misc":{"Gesch\u00e4tzte Lesezeit":"1\u00a0Minute"},"schema":{"@context":"https:\/\/schema.org","@graph":[{"@type":"Organization","@id":"http:\/\/www.tikaraii.fr\/#organization","name":"Ti' Karaii","url":"http:\/\/www.tikaraii.fr\/","sameAs":[],"logo":{"@type":"ImageObject","@id":"http:\/\/www.tikaraii.fr\/#logo","inLanguage":"de","url":"https:\/\/www.tikaraii.fr\/wp-content\/uploads\/2015\/06\/logo_ti_karaii1.png","contentUrl":"https:\/\/www.tikaraii.fr\/wp-content\/uploads\/2015\/06\/logo_ti_karaii1.png","width":265,"height":88,"caption":"Ti' Karaii"},"image":{"@id":"http:\/\/www.tikaraii.fr\/#logo"}},{"@type":"WebSite","@id":"http:\/\/www.tikaraii.fr\/#website","url":"http:\/\/www.tikaraii.fr\/","name":"Ti Karaii","description":"La bonne recette mauricienne","publisher":{"@id":"http:\/\/www.tikaraii.fr\/#organization"},"potentialAction":[{"@type":"SearchAction","target":{"@type":"EntryPoint","urlTemplate":"http:\/\/www.tikaraii.fr\/?s={search_term_string}"},"query-input":"required name=search_term_string"}],"inLanguage":"de"},{"@type":"WebPage","@id":"http:\/\/www.tikaraii.fr\/#webpage","url":"http:\/\/www.tikaraii.fr\/","name":"Accueil - Ti Karaii","isPartOf":{"@id":"http:\/\/www.tikaraii.fr\/#website"},"datePublished":"2011-09-14T09:45:02+00:00","dateModified":"2018-07-08T09:55:30+00:00","description":"Avec Ti' Karaii trouvez la bonne recette mauricienne. Ici pas de recettes approximatives, nous d\u00e9voilons tous les secrets de cette cuisine haute en couleur.","breadcrumb":{"@id":"http:\/\/www.tikaraii.fr\/#breadcrumb"},"inLanguage":"de","potentialAction":[{"@type":"ReadAction","target":["http:\/\/www.tikaraii.fr\/"]}]},{"@type":"BreadcrumbList","@id":"http:\/\/www.tikaraii.fr\/#breadcrumb","itemListElement":[{"@type":"ListItem","position":1,"name":"Accueil","item":"http:\/\/www.tikaraii.fr\/"},{"@type":"ListItem","position":2,"name":"Accueil"}]}]}},"_links":{"self":[{"href":"https:\/\/www.tikaraii.fr\/de\/wp-json\/wp\/v2\/pages\/203"}],"collection":[{"href":"https:\/\/www.tikaraii.fr\/de\/wp-json\/wp\/v2\/pages"}],"about":[{"href":"https:\/\/www.tikaraii.fr\/de\/wp-json\/wp\/v2\/types\/page"}],"author":[{"embeddable":true,"href":"https:\/\/www.tikaraii.fr\/de\/wp-json\/wp\/v2\/users\/1"}],"replies":[{"embeddable":true,"href":"https:\/\/www.tikaraii.fr\/de\/wp-json\/wp\/v2\/comments?post=203"}],"version-history":[{"count":60,"href":"https:\/\/www.tikaraii.fr\/de\/wp-json\/wp\/v2\/pages\/203\/revisions"}],"predecessor-version":[{"id":4929,"href":"https:\/\/www.tikaraii.fr\/de\/wp-json\/wp\/v2\/pages\/203\/revisions\/4929"}],"wp:attachment":[{"href":"https:\/\/www.tikaraii.fr\/de\/wp-json\/wp\/v2\/media?parent=203"}],"curies":[{"name":"wp","href":"https:\/\/api.w.org\/{rel}","templated":true}]}}